{"id":7,"date":"2013-01-15T18:32:52","date_gmt":"2013-01-15T18:32:52","guid":{"rendered":"https:\/\/localhost\/dsa\/?page_id=7"},"modified":"2025-03-18T09:14:02","modified_gmt":"2025-03-18T12:14:02","slug":"inicio","status":"publish","type":"page","link":"https:\/\/sti.crp.ufv.br\/?page_id=7","title":{"rendered":"In\u00edcio"},"content":{"rendered":"<h3 style=\"text-align: center;\"><strong>Informativos<\/strong><\/h3>\n<hr \/>\n<pre style=\"text-align: left;\"><ul class=\"lcp_catlist\" id=\"lcp_instance_0\"><li><a href=\"https:\/\/sti.crp.ufv.br\/?informativos=22062016-capes-web-of-science-e-incites\">Acesso Capes, Web of Science e InCites<\/a><\/li><li><a href=\"https:\/\/sti.crp.ufv.br\/?informativos=05042016-nova-rede-wifi\">Configura\u00e7\u00e3o WIFI<\/a><\/li><li><a href=\"https:\/\/sti.crp.ufv.br\/?informativos=e-mail-ufv\">E-mail UFV<\/a><\/li><li><a href=\"https:\/\/sti.crp.ufv.br\/?informativos=configuracao-vpn-ufv\">Configura\u00e7\u00e3o VPN-UFV<\/a><\/li><li><a href=\"https:\/\/sti.crp.ufv.br\/?informativos=carteira-estudantil\">Carteira Estudantil<\/a><\/li><li><a href=\"https:\/\/sti.crp.ufv.br\/?informativos=restaurante-universitario\">Restaurante Universit\u00e1rio &#8211; Inclus\u00e3o e Transfer\u00eancia de Cr\u00e9ditos<\/a><\/li><li><a href=\"https:\/\/sti.crp.ufv.br\/?informativos=dti-orientacoes-e-tutoriais\">Orienta\u00e7\u00f5es e Tutoriais<\/a><\/li><\/ul><\/pre>\n","protected":false},"excerpt":{"rendered":"<p>Informativos<\/p>\n","protected":false},"author":1,"featured_media":0,"parent":0,"menu_order":0,"comment_status":"closed","ping_status":"closed","template":"no-title","meta":{"footnotes":""},"class_list":["post-7","page","type-page","status-publish","hentry"],"_links":{"self":[{"href":"https:\/\/sti.crp.ufv.br\/index.php?rest_route=\/wp\/v2\/pages\/7","targetHints":{"allow":["GET"]}}],"collection":[{"href":"https:\/\/sti.crp.ufv.br\/index.php?rest_route=\/wp\/v2\/pages"}],"about":[{"href":"https:\/\/sti.crp.ufv.br\/index.php?rest_route=\/wp\/v2\/types\/page"}],"author":[{"embeddable":true,"href":"https:\/\/sti.crp.ufv.br\/index.php?rest_route=\/wp\/v2\/users\/1"}],"replies":[{"embeddable":true,"href":"https:\/\/sti.crp.ufv.br\/index.php?rest_route=%2Fwp%2Fv2%2Fcomments&post=7"}],"version-history":[{"count":176,"href":"https:\/\/sti.crp.ufv.br\/index.php?rest_route=\/wp\/v2\/pages\/7\/revisions"}],"predecessor-version":[{"id":3162,"href":"https:\/\/sti.crp.ufv.br\/index.php?rest_route=\/wp\/v2\/pages\/7\/revisions\/3162"}],"wp:attachment":[{"href":"https:\/\/sti.crp.ufv.br\/index.php?rest_route=%2Fwp%2Fv2%2Fmedia&parent=7"}],"curies":[{"name":"wp","href":"https:\/\/api.w.org\/{rel}","templated":true}]}}