{"id":2399,"date":"2023-02-09T13:58:32","date_gmt":"2023-02-09T16:58:32","guid":{"rendered":"https:\/\/sti.crp.ufv.br\/?page_id=2399"},"modified":"2023-02-09T14:06:53","modified_gmt":"2023-02-09T17:06:53","slug":"correio-eletronico","status":"publish","type":"page","link":"https:\/\/sti.crp.ufv.br\/?page_id=2399","title":{"rendered":"Servi\u00e7o de Telefonia"},"content":{"rendered":"\n<h3 class=\"wp-block-heading\">DESCRI\u00c7\u00c3O<\/h3>\n\n\n\n<p>Comunica\u00e7\u00e3o, via telefone, dos usu\u00e1rios da comunidade dos Campi.<\/p>\n\n\n\n<h3 class=\"wp-block-heading\">BENEF\u00cdCIOS<\/h3>\n\n\n\n<p>Comunica\u00e7\u00e3o \u00e1gil entre os usu\u00e1rios; Liga\u00e7\u00f5es telef\u00f4nicas em qualidade digital; Estrutura moderna de comunica\u00e7\u00e3o. Liga\u00e7\u00f5es gratuitas ente os Campi.<\/p>\n\n\n\n<h2 class=\"wp-block-heading\">TAREFAS RELACIONADAS AO SERVI\u00c7O<\/h2>\n\n\n\n<p><\/p>\n\n\n\n<h3 class=\"wp-block-heading\">SOLICITA\u00c7\u00c3O DE NOVO RAMAL<\/h3>\n\n\n\n<p><\/p>\n\n\n\n<p><strong>QUEM PODE SOLICITAR:<\/strong>&nbsp;Servidores t\u00e9cnico-administrativos ou professores da UFV.<\/p>\n\n\n\n<p><strong>COMO SOLICITAR:<\/strong>&nbsp;Solicitar via <a href=\"http:\/\/helpdesk.crp.ufv.br\" target=\"_blank\" rel=\"noreferrer noopener\">Helpdesk<\/a>,&nbsp;justificando a necessidade do ramal, local e nome do respons\u00e1vel pelo ramal.<\/p>\n\n\n\n<p><strong>PRAZO ESTIMADO DE ATENDIMENTO:<\/strong>\u00a05 dias \u00fateis.<\/p>\n\n\n\n<p><\/p>\n\n\n\n<h3 class=\"wp-block-heading\">REPARO DE DEFEITO NO RAMAL<\/h3>\n\n\n\n<p><strong>QUEM PODE SOLICITAR:<\/strong>&nbsp;Servidores t\u00e9cnico-administrativos ou professores da UFV.<\/p>\n\n\n\n<p><strong>COMO SOLICITAR:<\/strong>&nbsp;Solicitar via <a rel=\"noreferrer noopener\" href=\"http:\/\/helpdesk.crp.ufv.br\/\" target=\"_blank\">Helpdesk<\/a>,&nbsp;informando o n\u00famero do ramal, local, nome do respons\u00e1vel pelo ramal e o problema que est\u00e1 ocorrendo.<\/p>\n\n\n\n<p><strong>PRAZO ESTIMADO DE ATENDIMENTO:<\/strong>\u00a015 dias \u00fateis.<\/p>\n\n\n\n<p><\/p>\n\n\n\n<h3 class=\"wp-block-heading\">RAMAL TELEF\u00d4NICO PARA EVENTOS<\/h3>\n\n\n\n<p><strong>QUEM PODE SOLICITAR:<\/strong>&nbsp;Coordenador do evento.<\/p>\n\n\n\n<p><strong>COMO SOLICITAR:<\/strong>&nbsp;Solicitar via <a rel=\"noreferrer noopener\" href=\"http:\/\/helpdesk.crp.ufv.br\/\" target=\"_blank\">Helpdesk<\/a>,&nbsp;justificando a necessidade do ramal para o evento, informar o local e datas do evento e anexar autoriza\u00e7\u00e3o institucional para realiza\u00e7\u00e3o do evento.<\/p>\n\n\n\n<p><strong>PRAZO ESTIMADO DE ATENDIMENTO:<\/strong>\u00a015 dias \u00fateis.<\/p>\n\n\n\n<p><\/p>\n\n\n\n<h3 class=\"wp-block-heading\">REDIRECIONAMENTO DE RAMAIS (INTERNOS)<\/h3>\n\n\n\n<p><strong>QUEM PODE SOLICITAR:<\/strong>&nbsp;Servidores t\u00e9cnico-administrativos ou professores da UFV.<\/p>\n\n\n\n<p><strong>COMO SOLICITAR:<\/strong>&nbsp;Solicitar via <a rel=\"noreferrer noopener\" href=\"http:\/\/helpdesk.crp.ufv.br\/\" target=\"_blank\">Helpdesk<\/a>,&nbsp;&nbsp;justificando a necessidade do redirecionamento das liga\u00e7\u00f5es e informar o ramal.<\/p>\n","protected":false},"excerpt":{"rendered":"<p>DESCRI\u00c7\u00c3O Comunica\u00e7\u00e3o, via telefone, dos usu\u00e1rios da comunidade dos Campi. BENEF\u00cdCIOS Comunica\u00e7\u00e3o \u00e1gil entre os usu\u00e1rios; Liga\u00e7\u00f5es telef\u00f4nicas em qualidade digital; Estrutura moderna de comunica\u00e7\u00e3o. Liga\u00e7\u00f5es gratuitas ente os Campi. TAREFAS RELACIONADAS AO SERVI\u00c7O SOLICITA\u00c7\u00c3O DE NOVO RAMAL QUEM PODE SOLICITAR:&nbsp;Servidores t\u00e9cnico-administrativos ou professores da UFV. COMO SOLICITAR:&nbsp;Solicitar via Helpdesk,&nbsp;justificando a necessidade do ramal, local [&hellip;]<\/p>\n","protected":false},"author":1,"featured_media":0,"parent":0,"menu_order":0,"comment_status":"closed","ping_status":"closed","template":"","meta":{"footnotes":""},"class_list":["post-2399","page","type-page","status-publish","hentry"],"_links":{"self":[{"href":"https:\/\/sti.crp.ufv.br\/index.php?rest_route=\/wp\/v2\/pages\/2399","targetHints":{"allow":["GET"]}}],"collection":[{"href":"https:\/\/sti.crp.ufv.br\/index.php?rest_route=\/wp\/v2\/pages"}],"about":[{"href":"https:\/\/sti.crp.ufv.br\/index.php?rest_route=\/wp\/v2\/types\/page"}],"author":[{"embeddable":true,"href":"https:\/\/sti.crp.ufv.br\/index.php?rest_route=\/wp\/v2\/users\/1"}],"replies":[{"embeddable":true,"href":"https:\/\/sti.crp.ufv.br\/index.php?rest_route=%2Fwp%2Fv2%2Fcomments&post=2399"}],"version-history":[{"count":11,"href":"https:\/\/sti.crp.ufv.br\/index.php?rest_route=\/wp\/v2\/pages\/2399\/revisions"}],"predecessor-version":[{"id":2419,"href":"https:\/\/sti.crp.ufv.br\/index.php?rest_route=\/wp\/v2\/pages\/2399\/revisions\/2419"}],"wp:attachment":[{"href":"https:\/\/sti.crp.ufv.br\/index.php?rest_route=%2Fwp%2Fv2%2Fmedia&parent=2399"}],"curies":[{"name":"wp","href":"https:\/\/api.w.org\/{rel}","templated":true}]}}