{"id":2050,"date":"2021-06-10T18:59:21","date_gmt":"2021-06-10T21:59:21","guid":{"rendered":"https:\/\/sti.crp.ufv.br\/?page_id=2050"},"modified":"2025-11-19T16:12:19","modified_gmt":"2025-11-19T19:12:19","slug":"tutoriais-impressoras-crp","status":"publish","type":"page","link":"https:\/\/sti.crp.ufv.br\/?page_id=2050","title":{"rendered":"Tutoriais STI UFV-CRP"},"content":{"rendered":"<h3>Tutoriais Impressoras compartilhadas UFV-CRP<\/h3>\n<p>Os links abaixo cont\u00e9m os tutoriais para instala\u00e7\u00e3o \u2013 das impressoras dispon\u00edveis nos corredores dos edif\u00edcios CIP e LAE no <em>Campus<\/em> Rio Parana\u00edba \u2013 nos sistemas operacionais Linux (Ubuntu) e Windows 10. Estas impressoras s\u00e3o gerenciadas pelo servidor Marco Ant\u00f4nio (setor de apoio de impress\u00f5es no LAE 149 &#8211; ramal 9555), desta forma qualquer necessidade de manuten\u00e7\u00e3o ou suprimentos, favor encaminhar diretamente ao mesmo.<\/p>\n<p>O uso \u00e9 <strong>restrito aos servidores da institui\u00e7\u00e3o<\/strong> lotados nos respectivos edif\u00edcios, mediante autentica\u00e7\u00e3o na rede UFV-Net, por meio da rede <strong>CABEADA<\/strong> utilizando CPF e senha dos sistemas administrativos.<\/p>\n<p><a href=\"https:\/\/sti.crp.ufv.br\/wp-content\/uploads\/Tutorial-impressoras-LAE_CIP-Ubuntu.pdf\" target=\"_blank\" rel=\"noopener\">Tutorial impressoras LAE_CIP (Ubuntu)<\/a><\/p>\n<p><a href=\"https:\/\/sti.crp.ufv.br\/wp-content\/uploads\/Tutorial-impressoras-LAE_CIP_Windows.pdf\" target=\"_blank\" rel=\"noopener\">Tutorial impressoras LAE_CIP (Windows)<\/a><\/p>\n<p>Caso necess\u00e1rio, favor procurar o STI (BBT 301- ramal 9341) portando o notebook, que estaremos \u00e0 disposi\u00e7\u00e3o para ajudar com a configura\u00e7\u00e3o.<\/p>\n<p>&nbsp;<\/p>\n<h3>Tutoriais para edi\u00e7\u00e3o dos sites em WordPress da UFV-CRP<\/h3>\n<p><a href=\"https:\/\/youtu.be\/0Q14f2xbk0U\" target=\"_blank\" rel=\"noopener\">Tutorial Manipula\u00e7\u00e3o P\u00e1ginas UFV CRP<\/a><br \/>\n<a href=\"https:\/\/youtu.be\/V4otnolzG3Y\" target=\"_blank\" rel=\"noopener\">Tutorial para inclus\u00e3o de subp\u00e1gina<\/a><br \/>\n<a href=\"https:\/\/youtu.be\/1kRacrzoJVI\" target=\"_blank\" rel=\"noopener\">Tutorial Manipula\u00e7\u00f5es P\u00e1ginas UFV CRP WordPress 5.1.4 adiante<\/a><\/p>\n","protected":false},"excerpt":{"rendered":"<p>Tutoriais Impressoras compartilhadas UFV-CRP Os links abaixo cont\u00e9m os tutoriais para instala\u00e7\u00e3o \u2013 das impressoras dispon\u00edveis nos corredores dos edif\u00edcios CIP e LAE no Campus Rio Parana\u00edba \u2013 nos sistemas operacionais Linux (Ubuntu) e Windows 10. Estas impressoras s\u00e3o gerenciadas pelo servidor Marco Ant\u00f4nio (setor de apoio de impress\u00f5es no LAE 149 &#8211; ramal 9555), [&hellip;]<\/p>\n","protected":false},"author":1,"featured_media":0,"parent":966,"menu_order":0,"comment_status":"closed","ping_status":"closed","template":"","meta":{"footnotes":""},"class_list":["post-2050","page","type-page","status-publish","hentry"],"_links":{"self":[{"href":"https:\/\/sti.crp.ufv.br\/index.php?rest_route=\/wp\/v2\/pages\/2050","targetHints":{"allow":["GET"]}}],"collection":[{"href":"https:\/\/sti.crp.ufv.br\/index.php?rest_route=\/wp\/v2\/pages"}],"about":[{"href":"https:\/\/sti.crp.ufv.br\/index.php?rest_route=\/wp\/v2\/types\/page"}],"author":[{"embeddable":true,"href":"https:\/\/sti.crp.ufv.br\/index.php?rest_route=\/wp\/v2\/users\/1"}],"replies":[{"embeddable":true,"href":"https:\/\/sti.crp.ufv.br\/index.php?rest_route=%2Fwp%2Fv2%2Fcomments&post=2050"}],"version-history":[{"count":23,"href":"https:\/\/sti.crp.ufv.br\/index.php?rest_route=\/wp\/v2\/pages\/2050\/revisions"}],"predecessor-version":[{"id":3000,"href":"https:\/\/sti.crp.ufv.br\/index.php?rest_route=\/wp\/v2\/pages\/2050\/revisions\/3000"}],"up":[{"embeddable":true,"href":"https:\/\/sti.crp.ufv.br\/index.php?rest_route=\/wp\/v2\/pages\/966"}],"wp:attachment":[{"href":"https:\/\/sti.crp.ufv.br\/index.php?rest_route=%2Fwp%2Fv2%2Fmedia&parent=2050"}],"curies":[{"name":"wp","href":"https:\/\/api.w.org\/{rel}","templated":true}]}}