{"id":1459,"date":"2017-09-13T15:42:25","date_gmt":"2017-09-13T18:42:25","guid":{"rendered":"https:\/\/sti.crp.ufv.br\/?page_id=1459"},"modified":"2025-11-19T16:28:48","modified_gmt":"2025-11-19T19:28:48","slug":"calouros-transferencia-creditos-ru","status":"publish","type":"page","link":"https:\/\/sti.crp.ufv.br\/?page_id=1459","title":{"rendered":"Transfer\u00eancia Cr\u00e9ditos RU"},"content":{"rendered":"<h3 align=\"center\"><span style=\"color: #003366; font-size: x-large;\"><span style=\"font-family: arial, sans-serif;\"><u><b>Transfer\u00eancia de Cr\u00e9ditos RU &#8211; UFV CRP<\/b><\/u><\/span><\/span><\/h3>\n<h2 align=\"justify\"><span style=\"color: #ff0000;\"><strong>Solicita\u00e7\u00f5es fora do padr\u00e3o e regras abaixo mencionadas, n\u00e3o ser\u00e3o processadas. <\/strong><\/span><\/h2>\n<h2 align=\"justify\"><span style=\"color: #ff0000;\"><strong>A transfer\u00eancia pode levar AT\u00c9 2 DIAS \u00daTEIS para ser processada (referente a lan\u00e7amentos solicitados para o <em>Campus<\/em> Rio Parana\u00edba no e-mail sticrp@ufv.br).<\/strong><\/span><\/h2>\n<p align=\"justify\"><span style=\"color: #000000; font-size: medium;\"><span style=\"font-family: arial, sans-serif;\">O valor\u00a0<b>m\u00ednimo<\/b> para transfer\u00eancia que o sistema aceita \u00e9 o equivalente a <b><span style=\"color: #ff0000;\">5 (cinco) refei\u00e7\u00f5es<\/span><\/b><\/span><\/span><span style=\"font-size: medium;\"><span style=\"font-family: arial, sans-serif;\"> (7,06 * 5 = <span style=\"color: #ff0000;\"><strong>R$ 35,30<\/strong><\/span>)<\/span><\/span><span style=\"color: #000000; font-size: medium;\"><span style=\"font-family: arial, sans-serif;\">, e o discente que estar\u00e1 recebendo a transfer\u00eancia<b> dever\u00e1 estar com o saldo <span style=\"color: #ff0000;\">abaixo<\/span> deste valor m\u00ednimo <\/b>(<strong>exceto<\/strong> para casos onde o(a) solicitante j\u00e1 tenha <strong>finalizado\/trancado<\/strong> o curso, ou seja<strong> bolsista<\/strong>\u00a0e esteja <span style=\"color: #ff0000;\"><strong>ZERANDO<\/strong><\/span> o saldo existente).<\/span><\/span><\/p>\n<p align=\"justify\"><span style=\"font-size: medium; color: #000000;\">No e-mail <strong>N\u00c3O<\/strong> dever\u00e1 apresentar qualquer outra informa\u00e7\u00e3o a n\u00e3o ser a solicita\u00e7\u00e3o atual, visto que este ser\u00e1 a documenta\u00e7\u00e3o da transa\u00e7\u00e3o. <\/span><\/p>\n<p align=\"justify\"><span style=\"font-size: medium; color: #000000;\">Assim que for efetivada a transfer\u00eancia, estaremos retornando o e-mail com c\u00f3pia para o(a) discente que estar\u00e1 recebendo a transfer\u00eancia, bem como para o STI (sticrp@ufv.br) para documenta\u00e7\u00e3o.<\/span><\/p>\n<p align=\"justify\">Por este e-mail (sticrp@ufv.br) somente temos acesso a alunos matriculados no <strong><em>Campus<\/em> Rio Parana\u00edba<\/strong>. Para a transfer\u00eancia, onde a <strong>origem<\/strong> e\/ou <strong>destino<\/strong> do valor seja o <strong><em>Campus<\/em> Vi\u00e7osa<\/strong>, favor estar efetuando a solicita\u00e7\u00e3o para o e-mail <strong>arrecadacao.dfn@ufv.br e dti@ufv.br<\/strong> que poder\u00e3o lhe informar melhor.<\/p>\n<p align=\"justify\"><span style=\"color: #000000;\"><span style=\"font-family: arial, sans-serif;\"><span style=\"font-size: medium;\">Enviar o e-mail <b>OBRIGATORIAMENTE<\/b>\u00a0utilizando seu e-mail institucional (<b>@ufv.br<\/b>) com o\u00a0<strong>Assunto\/T\u00edtulo<\/strong>:\u00a0<span style=\"color: #ff0000;\"><b>Transfer\u00eancia de Cr\u00e9ditos RU &#8211; UFV CRP 31\/12\/2050 <\/b><\/span><span style=\"color: #808080;\"><em>(data atual neste padr\u00e3o)<\/em><\/span>, informando no corpo do e-mail:<\/span><\/span><\/span><\/p>\n<h3 align=\"justify\"><span style=\"color: #ffffff;\">.<\/span><\/h3>\n<h3 align=\"justify\"><span style=\"color: #000000;\"><strong>-&gt;<\/strong> Quando for transferir cr\u00e9dito entre discentes do <em>Campus<\/em> Rio Parana\u00edba:<\/span><\/h3>\n<p><span style=\"color: #000000; font-size: medium;\"><span style=\"font-family: arial, sans-serif;\">Para transfer\u00eancia entre discentes do <strong><em>Campus<\/em> de Rio Parana\u00edba<\/strong>, dever\u00e1 <a href=\"https:\/\/consultaru.crp.ufv.br\/\">consultar o saldo dispon\u00edvel<\/a> e depois solicitar a transfer\u00eancia passando um e-mail para <span style=\"color: #ff0000;\"><strong>sticrp@ufv.br<\/strong><\/span><\/span><\/span><span style=\"font-size: medium;\"><span style=\"font-family: arial, sans-serif;\">\u00a0<\/span><\/span><span style=\"color: #000000; font-size: medium;\"><span style=\"font-family: arial, sans-serif;\">conforme modelo a seguir<strong>:<\/strong><\/span><\/span><\/p>\n<p align=\"justify\"><span style=\"color: #000000;\"><span style=\"font-family: arial, sans-serif;\"><span style=\"font-size: medium;\"><span style=\"color: #000000;\">Eu<\/span>\u00a0<span style=\"color: #ff0000;\"><b>NOME COMPLETO<\/b><\/span>\u00a0matr\u00edcula <span style=\"color: #ff0000;\"><strong>INFORMAR N\u00daMERO<\/strong><\/span>\u00a0estudante da UFV no\u00a0<i>Campus<\/i>\u00a0Rio Parana\u00edba, autorizo a transfer\u00eancia de cr\u00e9ditos do <strong>Restaurante Universit\u00e1rio\u00a0<em>Campus<\/em> Rio Parana\u00edba<\/strong> para o(a) discente\u00a0<span style=\"color: #ff0000;\"><b>NOME COMPLETO<\/b><\/span> matr\u00edcula <span style=\"color: #ff0000;\"><strong>INFORMAR N\u00daMERO<\/strong><\/span>\u00a0no valor de R$ <b><span style=\"color: #ff0000;\">INFORMAR VALOR<\/span><\/b>.<\/span><\/span><\/span><\/p>\n<h3 align=\"justify\"><\/h3>\n<h3 align=\"justify\"><span style=\"color: #ffffff;\">.<\/span><\/h3>\n<h3 align=\"justify\"><span style=\"color: #000000;\"><strong>-&gt;<\/strong> Quando for para utiliza\u00e7\u00e3o do saldo no\u00a0<em>Campus <\/em>Vi\u00e7osa:<\/span><\/h3>\n<p align=\"justify\"><span style=\"color: #000000; font-size: medium;\"><span style=\"font-family: arial, sans-serif;\">Para transfer\u00eancia do saldo dispon\u00edvel no <strong><em>Campus<\/em> de Rio Parana\u00edba<\/strong> e utiliza\u00e7\u00e3o no <strong><em>Campus<\/em> Vi\u00e7osa<\/strong>, dever\u00e1 <a href=\"https:\/\/consultaru.crp.ufv.br\/\">consultar o saldo dispon\u00edvel<\/a> e depois solicitar a transfer\u00eancia passando um e-mail para <span style=\"color: #ff0000;\"><strong>arrecadacao.dfn@ufv.br e dti@ufv.br <\/strong><\/span><\/span><\/span><span style=\"font-size: medium;\"><span style=\"font-family: arial, sans-serif;\">(caso seja para outro discente dever\u00e1 informar <strong>matr\u00edcula<\/strong> e <strong>nome completo<\/strong>) <\/span><\/span><span style=\"color: #000000; font-size: medium;\"><span style=\"font-family: arial, sans-serif;\">conforme modelo a seguir<strong>:<\/strong><\/span><\/span><\/p>\n<p align=\"justify\"><span style=\"color: #000000;\"><span style=\"font-family: arial, sans-serif;\"><span style=\"font-size: medium;\">Eu\u00a0<span style=\"color: #ff0000;\"><b>NOME COMPLETO<\/b><\/span>\u00a0matr\u00edcula <span style=\"color: #ff0000;\"><strong>INFORMAR N\u00daMERO<\/strong><\/span>\u00a0estudante da UFV no\u00a0<i>Campus<\/i>\u00a0Rio Parana\u00edba, autorizo a transfer\u00eancia de cr\u00e9ditos do\u00a0<strong>Restaurante Universit\u00e1rio<\/strong><strong>\u00a0<em>Campus<\/em> Rio Parana\u00edba<\/strong>\u00a0para<span style=\"color: #000000;\"> utiliza\u00e7\u00e3o no\u00a0<strong>Restaurante Universit\u00e1rio<\/strong><strong>\u00a0<\/strong><em><strong>Campus\u00a0<\/strong><\/em><strong>Vi\u00e7osa\u00a0<\/strong>no va<\/span>lor de R$ <b><span style=\"color: #ff0000;\">INFORMAR VALOR<\/span><\/b>.<\/span><\/span><\/span><\/p>\n<h3 align=\"justify\"><\/h3>\n<h3 align=\"justify\"><span style=\"color: #ffffff;\">.<\/span><\/h3>\n<h3 align=\"justify\"><span style=\"color: #000000;\"><strong>-&gt;<\/strong> Quando for para transfer\u00eancia do R.U. <em>Campus\u00a0<\/em> Vi\u00e7osa para <em>Campus\u00a0<\/em> Rio Parana\u00edba:<\/span><\/h3>\n<p align=\"justify\"><span style=\"color: #000000; font-size: medium;\"><span style=\"font-family: arial, sans-serif;\">Para transfer\u00eancia do saldo dispon\u00edvel no <strong><em>Campus<\/em> de Vi\u00e7osa<\/strong> e utiliza\u00e7\u00e3o no <strong><em>Campus<\/em>\u00a0Rio Parana\u00edba<\/strong>, dever\u00e1 solicitar a transfer\u00eancia passando um e-mail para <span style=\"color: #ff0000;\"><strong>arrecadacao.dfn@ufv.br e dti@ufv.br <\/strong><\/span>conforme modelo a seguir<strong>:<\/strong><\/span><\/span><\/p>\n<p align=\"justify\"><span style=\"color: #000000;\"><span style=\"font-family: arial, sans-serif;\"><span style=\"font-size: medium;\">Eu\u00a0<span style=\"color: #ff0000;\"><b>NOME COMPLETO<\/b><\/span>\u00a0matr\u00edcula <span style=\"color: #ff0000;\"><strong>INFORMAR N\u00daMERO<\/strong><\/span>\u00a0estudante da UFV no\u00a0<i>Campus<\/i>\u00a0<span style=\"color: #ff0000;\"><strong>INFORMAR EM QUAL CAMPUS \u00c9 MATRICULADO (A)<\/strong><\/span>, autorizo a transfer\u00eancia de cr\u00e9ditos do\u00a0<strong>Restaurante Universit\u00e1rio<\/strong><strong>\u00a0<em>Campus<\/em> Vi\u00e7osa<\/strong>\u00a0para utiliza\u00e7\u00e3o no\u00a0<strong>Restaurante Universit\u00e1rio<\/strong><strong>\u00a0<\/strong><em><strong>Campus <\/strong><\/em><strong>Rio Parana\u00edba<\/strong><strong>\u00a0<\/strong>no valor de R$ <b><span style=\"color: #ff0000;\">INFORMAR VALOR<\/span><\/b>.<\/span><\/span><\/span><\/p>\n<p>&nbsp;<\/p>\n<p>&nbsp;<\/p>\n<h3 align=\"justify\"><span style=\"color: #000000;\"><strong>-&gt;<\/strong> Quanto a restitui\u00e7\u00e3o direta do valor, favor repassar a solicita\u00e7\u00e3o para o e-mail <span style=\"color: #ff0000;\">arrecadacao.dfn@ufv.br<\/span> solicitando demais informa\u00e7\u00f5es de como proceder com a abertura do processo.<\/span><\/h3>\n<p align=\"justify\"><span style=\"color: #000000;\"><span style=\"font-family: arial, sans-serif;\"><span style=\"font-size: medium;\">\u00a0<\/span><\/span><\/span><\/p>\n","protected":false},"excerpt":{"rendered":"<p>Transfer\u00eancia de Cr\u00e9ditos RU &#8211; UFV CRP Solicita\u00e7\u00f5es fora do padr\u00e3o e regras abaixo mencionadas, n\u00e3o ser\u00e3o processadas. A transfer\u00eancia pode levar AT\u00c9 2 DIAS \u00daTEIS para ser processada (referente a lan\u00e7amentos solicitados para o Campus Rio Parana\u00edba no e-mail sticrp@ufv.br). O valor\u00a0m\u00ednimo para transfer\u00eancia que o sistema aceita \u00e9 o equivalente a 5 (cinco) [&hellip;]<\/p>\n","protected":false},"author":1,"featured_media":0,"parent":0,"menu_order":0,"comment_status":"closed","ping_status":"closed","template":"","meta":{"footnotes":""},"class_list":["post-1459","page","type-page","status-publish","hentry"],"_links":{"self":[{"href":"https:\/\/sti.crp.ufv.br\/index.php?rest_route=\/wp\/v2\/pages\/1459","targetHints":{"allow":["GET"]}}],"collection":[{"href":"https:\/\/sti.crp.ufv.br\/index.php?rest_route=\/wp\/v2\/pages"}],"about":[{"href":"https:\/\/sti.crp.ufv.br\/index.php?rest_route=\/wp\/v2\/types\/page"}],"author":[{"embeddable":true,"href":"https:\/\/sti.crp.ufv.br\/index.php?rest_route=\/wp\/v2\/users\/1"}],"replies":[{"embeddable":true,"href":"https:\/\/sti.crp.ufv.br\/index.php?rest_route=%2Fwp%2Fv2%2Fcomments&post=1459"}],"version-history":[{"count":107,"href":"https:\/\/sti.crp.ufv.br\/index.php?rest_route=\/wp\/v2\/pages\/1459\/revisions"}],"predecessor-version":[{"id":3202,"href":"https:\/\/sti.crp.ufv.br\/index.php?rest_route=\/wp\/v2\/pages\/1459\/revisions\/3202"}],"wp:attachment":[{"href":"https:\/\/sti.crp.ufv.br\/index.php?rest_route=%2Fwp%2Fv2%2Fmedia&parent=1459"}],"curies":[{"name":"wp","href":"https:\/\/api.w.org\/{rel}","templated":true}]}}