{"id":1093,"date":"2016-02-22T13:39:53","date_gmt":"2016-02-22T16:39:53","guid":{"rendered":"https:\/\/sti.crp.ufv.br\/?page_id=1093"},"modified":"2023-10-23T09:18:28","modified_gmt":"2023-10-23T12:18:28","slug":"carta-de-servicos","status":"publish","type":"page","link":"https:\/\/sti.crp.ufv.br\/?page_id=1093","title":{"rendered":"Carta de Servi\u00e7os"},"content":{"rendered":"<p style=\"text-align: justify;\">O Servi\u00e7o de\u00a0 Tecnologia da Informa\u00e7\u00e3o \u2013 CRP\u00a0 juntamente com a Diretoria de Tecnologia da Informa\u00e7\u00e3o (Campus Sede) oferece \u00e0 comunidade universit\u00e1ria um amplo conjunto de servi\u00e7os. A carta de servi\u00e7os visa informar aos usu\u00e1rios sobre a exist\u00eancia desses servi\u00e7os e como acess\u00e1-los.<\/p>\n<h3 style=\"text-align: justify;\"><span style=\"color: #ff0000;\"><strong>Servi\u00e7os Oferecidos:<\/strong><\/span><\/h3>\n<p style=\"text-align: justify;\"><strong><span style=\"color: #0000ff;\">Comunica\u00e7\u00e3o Institucional<\/span><\/strong><br \/>\nE-mail: sticrp@ufv.br<\/p>\n<p style=\"text-align: justify;\">\n<p style=\"text-align: justify;\"><span style=\"color: #0000ff;\"><strong>Apoio ao Usu\u00e1rio<\/strong><\/span><\/p>\n<p style=\"text-align: justify;\">Servi\u00e7os CAFE<\/p>\n<p style=\"text-align: justify;\">Acesso aos peri\u00f3dicos CAPES<\/p>\n<p style=\"text-align: justify;\">Autentica\u00e7\u00e3o de usu\u00e1rios da Rede sem Fio<\/p>\n<p style=\"text-align: justify;\">Consultoria na especifica\u00e7\u00e3o de Recursos e solu\u00e7\u00f5es de TI<\/p>\n<p style=\"text-align: justify;\">Consultoria no licenciamento de software<\/p>\n<p style=\"text-align: justify;\">HelpDesk<\/p>\n<p style=\"text-align: justify;\">Suporte T\u00e9cnico a equipamentos de TI<\/p>\n<p style=\"text-align: justify;\">\n<p style=\"text-align: justify;\"><span style=\"color: #0000ff;\"><strong>Sistemas e Sites<\/strong><\/span><\/p>\n<p style=\"text-align: justify;\">Correio Eletr\u00f4nico<\/p>\n<p style=\"text-align: justify;\">Desenvolvimento de sistemas<\/p>\n<p style=\"text-align: justify;\">Desenvolvimento e Hospedagem de sites<\/p>\n<p style=\"text-align: justify;\">\n<p style=\"text-align: justify;\"><span style=\"color: #0000ff;\"><strong>Rede<\/strong><\/span><\/p>\n<p style=\"text-align: justify;\">Monitoramento de medi\u00e7\u00e3o de desempenho de rede<\/p>\n<p style=\"text-align: justify;\">Suporte de infraestrutura F\u00edsica de rede<\/p>\n<p style=\"text-align: justify;\">Suporte de infraestrutura de rede sem fio<\/p>\n<p style=\"text-align: justify;\">Registro de sub-dom\u00ednios<\/p>\n<p style=\"text-align: justify;\">Rede Privada Virtual- VPN<\/p>\n<p style=\"text-align: justify;\">Tratamento de incidentes de seguran\u00e7a<\/p>\n<p style=\"text-align: justify;\">Servi\u00e7o de Telefonia<\/p>\n","protected":false},"excerpt":{"rendered":"<p>O Servi\u00e7o de\u00a0 Tecnologia da Informa\u00e7\u00e3o \u2013 CRP\u00a0 juntamente com a Diretoria de Tecnologia da Informa\u00e7\u00e3o (Campus Sede) oferece \u00e0 comunidade universit\u00e1ria um amplo conjunto de servi\u00e7os. A carta de servi\u00e7os visa informar aos usu\u00e1rios sobre a exist\u00eancia desses servi\u00e7os e como acess\u00e1-los. Servi\u00e7os Oferecidos: Comunica\u00e7\u00e3o Institucional E-mail: sticrp@ufv.br Apoio ao Usu\u00e1rio Servi\u00e7os CAFE Acesso [&hellip;]<\/p>\n","protected":false},"author":1,"featured_media":0,"parent":0,"menu_order":0,"comment_status":"closed","ping_status":"closed","template":"","meta":{"footnotes":""},"class_list":["post-1093","page","type-page","status-publish","hentry"],"_links":{"self":[{"href":"https:\/\/sti.crp.ufv.br\/index.php?rest_route=\/wp\/v2\/pages\/1093","targetHints":{"allow":["GET"]}}],"collection":[{"href":"https:\/\/sti.crp.ufv.br\/index.php?rest_route=\/wp\/v2\/pages"}],"about":[{"href":"https:\/\/sti.crp.ufv.br\/index.php?rest_route=\/wp\/v2\/types\/page"}],"author":[{"embeddable":true,"href":"https:\/\/sti.crp.ufv.br\/index.php?rest_route=\/wp\/v2\/users\/1"}],"replies":[{"embeddable":true,"href":"https:\/\/sti.crp.ufv.br\/index.php?rest_route=%2Fwp%2Fv2%2Fcomments&post=1093"}],"version-history":[{"count":37,"href":"https:\/\/sti.crp.ufv.br\/index.php?rest_route=\/wp\/v2\/pages\/1093\/revisions"}],"predecessor-version":[{"id":2992,"href":"https:\/\/sti.crp.ufv.br\/index.php?rest_route=\/wp\/v2\/pages\/1093\/revisions\/2992"}],"wp:attachment":[{"href":"https:\/\/sti.crp.ufv.br\/index.php?rest_route=%2Fwp%2Fv2%2Fmedia&parent=1093"}],"curies":[{"name":"wp","href":"https:\/\/api.w.org\/{rel}","templated":true}]}}