{"id":1019,"date":"2016-02-19T14:30:32","date_gmt":"2016-02-19T17:30:32","guid":{"rendered":"https:\/\/sti.crp.ufv.br\/?page_id=1019"},"modified":"2023-10-23T09:06:18","modified_gmt":"2023-10-23T12:06:18","slug":"apresentacao","status":"publish","type":"page","link":"https:\/\/sti.crp.ufv.br\/?page_id=1019","title":{"rendered":"Apresenta\u00e7\u00e3o"},"content":{"rendered":"<p style=\"text-align: justify;\">O Servi\u00e7o de Tecnologia da Informa\u00e7\u00e3o, tem como finalidade o apoio e a execu\u00e7\u00e3o de atividades necess\u00e1rias \u00e0 condu\u00e7\u00e3o da pol\u00edtica de inform\u00e1tica no \u00e2mbito do Campus Rio Parana\u00edba.<\/p>\n<p style=\"text-align: justify;\">Compete especificamente: administrar os recursos computacionais de uso geral do campus; planejar, coordenar, orientar e supervisionar os trabalhos t\u00e9cnicos e administrativos referentes ao uso da inform\u00e1tica, de acordo com as necessidades do campus; desenvolver e manter os sistemas computacionais necess\u00e1rios ao campus; prestar assessoria em atividades que demandam o uso da inform\u00e1tica; propor a ado\u00e7\u00e3o e a difus\u00e3o de novas tecnologias de inform\u00e1tica; propiciar infra-estrutura em equipamentos\/servi\u00e7os de inform\u00e1tica \u00e0s atividades acad\u00eamicas\/administrativas do campus; assessorar as a\u00e7\u00f5es relativas \u00e0 compra de equipamentos de inform\u00e1tica; prestar assist\u00eancia t\u00e9cnica na \u00e1rea de hardware e software; fazer a manuten\u00e7\u00e3o e dar suporte \u00e0 rede computacional interna sob os aspectos f\u00edsicos e l\u00f3gicos.<\/p>\n","protected":false},"excerpt":{"rendered":"<p>O Servi\u00e7o de Tecnologia da Informa\u00e7\u00e3o, tem como finalidade o apoio e a execu\u00e7\u00e3o de atividades necess\u00e1rias \u00e0 condu\u00e7\u00e3o da pol\u00edtica de inform\u00e1tica no \u00e2mbito do Campus Rio Parana\u00edba. Compete especificamente: administrar os recursos computacionais de uso geral do campus; planejar, coordenar, orientar e supervisionar os trabalhos t\u00e9cnicos e administrativos referentes ao uso da inform\u00e1tica, [&hellip;]<\/p>\n","protected":false},"author":1,"featured_media":0,"parent":0,"menu_order":0,"comment_status":"closed","ping_status":"closed","template":"","meta":{"footnotes":""},"class_list":["post-1019","page","type-page","status-publish","hentry"],"_links":{"self":[{"href":"https:\/\/sti.crp.ufv.br\/index.php?rest_route=\/wp\/v2\/pages\/1019","targetHints":{"allow":["GET"]}}],"collection":[{"href":"https:\/\/sti.crp.ufv.br\/index.php?rest_route=\/wp\/v2\/pages"}],"about":[{"href":"https:\/\/sti.crp.ufv.br\/index.php?rest_route=\/wp\/v2\/types\/page"}],"author":[{"embeddable":true,"href":"https:\/\/sti.crp.ufv.br\/index.php?rest_route=\/wp\/v2\/users\/1"}],"replies":[{"embeddable":true,"href":"https:\/\/sti.crp.ufv.br\/index.php?rest_route=%2Fwp%2Fv2%2Fcomments&post=1019"}],"version-history":[{"count":5,"href":"https:\/\/sti.crp.ufv.br\/index.php?rest_route=\/wp\/v2\/pages\/1019\/revisions"}],"predecessor-version":[{"id":2984,"href":"https:\/\/sti.crp.ufv.br\/index.php?rest_route=\/wp\/v2\/pages\/1019\/revisions\/2984"}],"wp:attachment":[{"href":"https:\/\/sti.crp.ufv.br\/index.php?rest_route=%2Fwp%2Fv2%2Fmedia&parent=1019"}],"curies":[{"name":"wp","href":"https:\/\/api.w.org\/{rel}","templated":true}]}}